{"id":12380,"date":"2023-11-03T12:15:28","date_gmt":"2023-11-03T10:15:28","guid":{"rendered":"https:\/\/partssupply.no\/index.php\/product\/trojan-gel-deep-cycle-traksjonsbatteri-12v-91ah-323x162x235mm-venstre\/"},"modified":"2026-03-29T11:17:31","modified_gmt":"2026-03-29T09:17:31","slug":"index-php-produkt-trojan-gel-deep-cycle-traksjonsbatteri-12v-91ah-323x162x235mm-venstre","status":"publish","type":"product","link":"https:\/\/partssupply.no\/index.php\/produkt\/index-php-produkt-trojan-gel-deep-cycle-traksjonsbatteri-12v-91ah-323x162x235mm-venstre\/","title":{"rendered":"TROJAN GEL Deep Cycle Traksjonsbatteri 12V 91Ah (323x162x235mm) +venstre"},"content":{"rendered":"<p>Teknologi<br \/>\n\t\t\t\t\t\t\t\t\t\t\t\t\t\t\tGEL<\/p>\n<p>\t\t\t\t\t\t\t\t\t\t\t\t\t\t\tSpenning<br \/>\n\t\t\t\t\t\t\t\t\t\t\t\t\t\t\t12V<\/p>\n<p>\t\t\t\t\t\t\t\t\t\t\t\t\t\t\tKapasitet<br \/>\n\t\t\t\t\t\t\t\t\t\t\t\t\t\t\t91Ah<\/p>\n<p>\t\t\t\t\t\t\t\t\t\t\t\t\t\t\tPolstilling<br \/>\n\t\t\t\t\t\t\t\t\t\t\t\t\t\t\t+Venstre<\/p>\n<p>\t\t\t\t\t\t\t\t\t\t\t\t\t\t\tPoltype<\/p>\n<p>\t\t\t\t\t\t\t\t\t\t\t\t\t\t\tFestelist<br \/>\n\t\t\t\t\t\t\t\t\t\t\t\t\t\t\tNei<\/p>\n<p>\t\t\t\t\t\t\t\t\t\t\t\t\tSt\u00f8rrelse<br \/>\n\t\t\t\t\t\t\t\t\t\t\t\t\t323x162x235 mm<\/p>\n<p>\t\t\t\t\t\t\t\t\t\t\t\t\tVekt<\/p>\n<p>\t\t\t\t\t\t\t\t\t\t\t\t\t\t\t\t\t\t\t\t\t\t\t\t\t\t\t28 kg<\/p>\n","protected":false},"excerpt":{"rendered":"<p>TROJAN 27-GEL\u00a0DC Batteri 12V 91AH &#8211; DEEP CYCLE:<br \/>\nTrojan er kanskje aller mest kjent for \u00e5 levere kvalitets batterier til lifter og golfbiler.\u00a0<br \/>\nMen dersom du er ute etter et deep cycle batteri med ekstra gode dyputladningsegenskaper er Trojan et meget godt valg.<\/p>\n<p>Batteriene kan brukes som forbruksbatteri i b\u00e5t og bobiler men er ogs\u00e5 helt perfekt p\u00e5 hytte i kombinasjon med solcellepaneler og aggregater.<br \/>\nTrojan batteriene er beregnet for ekstrem belastning og t\u00f8ff bruk, og egner seg derfor godt i st\u00f8rre anlegg hvor driftsikkerhet og god kvalitet er et av kriteriene.<\/p>\n<p>Tekniske data:<\/p>\n<p>Kapasitet AH: 76AH C5 \/ 84AH C10 \/ 91AH C20 \/ 100AH C100<br \/>\nKapasitet minutter: @25A 179min\u00a0<br \/>\nEnergi (kWh): 1,20<br \/>\nPoltype: UT<br \/>\nDimensjon (LxBxH): 323x162x235mm<br \/>\nVekt: 28kg<\/p>\n","protected":false},"featured_media":13732,"template":"","meta":[],"product_brand":[],"product_cat":[716],"product_tag":[],"class_list":{"0":"post-12380","1":"product","2":"type-product","3":"status-publish","4":"has-post-thumbnail","6":"product_cat-trojan-gel-batterier-batterier-2","8":"first","9":"instock","10":"taxable","11":"shipping-taxable","12":"purchasable","13":"product-type-simple"},"_links":{"self":[{"href":"https:\/\/partssupply.no\/index.php\/wp-json\/wp\/v2\/product\/12380","targetHints":{"allow":["GET"]}}],"collection":[{"href":"https:\/\/partssupply.no\/index.php\/wp-json\/wp\/v2\/product"}],"about":[{"href":"https:\/\/partssupply.no\/index.php\/wp-json\/wp\/v2\/types\/product"}],"wp:featuredmedia":[{"embeddable":true,"href":"https:\/\/partssupply.no\/index.php\/wp-json\/wp\/v2\/media\/13732"}],"wp:attachment":[{"href":"https:\/\/partssupply.no\/index.php\/wp-json\/wp\/v2\/media?parent=12380"}],"wp:term":[{"taxonomy":"product_brand","embeddable":true,"href":"https:\/\/partssupply.no\/index.php\/wp-json\/wp\/v2\/product_brand?post=12380"},{"taxonomy":"product_cat","embeddable":true,"href":"https:\/\/partssupply.no\/index.php\/wp-json\/wp\/v2\/product_cat?post=12380"},{"taxonomy":"product_tag","embeddable":true,"href":"https:\/\/partssupply.no\/index.php\/wp-json\/wp\/v2\/product_tag?post=12380"}],"curies":[{"name":"wp","href":"https:\/\/api.w.org\/{rel}","templated":true}]}}