{"id":12474,"date":"2023-11-03T12:16:12","date_gmt":"2023-11-03T10:16:12","guid":{"rendered":"https:\/\/partssupply.no\/index.php\/product\/vmf-gel-deep-cycle-batteri-12v-200ah-522x240x223mm-hoyre\/"},"modified":"2026-03-29T11:17:45","modified_gmt":"2026-03-29T09:17:45","slug":"index-php-produkt-vmf-gel-deep-cycle-batteri-12v-200ah-522x240x223mm-hoyre","status":"publish","type":"product","link":"https:\/\/partssupply.no\/index.php\/produkt\/index-php-produkt-vmf-gel-deep-cycle-batteri-12v-200ah-522x240x223mm-hoyre\/","title":{"rendered":"VMF GEL Deep Cycle Batteri 12V 200AH (522x240x223mm) +h\u00f8yre"},"content":{"rendered":"<p>Teknologi<br \/>\n\t\t\t\t\t\t\t\t\t\t\t\t\t\t\tGEL<\/p>\n<p>\t\t\t\t\t\t\t\t\t\t\t\t\t\t\tSpenning<br \/>\n\t\t\t\t\t\t\t\t\t\t\t\t\t\t\t12V<\/p>\n<p>\t\t\t\t\t\t\t\t\t\t\t\t\t\t\tKapasitet<br \/>\n\t\t\t\t\t\t\t\t\t\t\t\t\t\t\t200Ah<\/p>\n<p>\t\t\t\t\t\t\t\t\t\t\t\t\t\t\tPolstilling<br \/>\n\t\t\t\t\t\t\t\t\t\t\t\t\t\t\t+H\u00f8yre<\/p>\n<p>\t\t\t\t\t\t\t\t\t\t\t\t\t\t\tPoltype<br \/>\n\t\t\t\t\t\t\t\t\t\t\t\t\t\t\tM8<\/p>\n<p>\t\t\t\t\t\t\t\t\t\t\t\t\t\t\tFestelist<br \/>\n\t\t\t\t\t\t\t\t\t\t\t\t\t\t\tNei<\/p>\n<p>\t\t\t\t\t\t\t\t\t\t\t\t\tSt\u00f8rrelse<br \/>\n\t\t\t\t\t\t\t\t\t\t\t\t\t522x240x223 mm<\/p>\n<p>\t\t\t\t\t\t\t\t\t\t\t\t\tVekt<\/p>\n<p>\t\t\t\t\t\t\t\t\t\t\t\t\t\t\t\t\t\t\t\t\t\t\t\t\t\t\t60 kg<\/p>\n","protected":false},"excerpt":{"rendered":"<p>VMF\u00a0GEL Batteri 12V 200AH Deep Cycle<\/p>\n<p>GEL deep cycle batteri fra VMF\u00a0med\u00a0aller beste kvalitet.<br \/>\nDenne batteriserien benyttes n\u00e5r man \u00f8nsker det aller beste som forbruksbatteri i\u00a0 f.eks b\u00e5ten, hytte eller bobilen.<br \/>\nBatteriene benyttes ogs\u00e5 til andre krevende oppgaver som elektriske biler, feiemaskiner, vaskemaskiner og lifter etcMaks m\u00e5l: 522x240x22Spenning: 12VKapasitet: 200AH\u00a0Maks kortslutningseffekt: 2000AVekt: 60kgTerminaler: M8Bilpoler kan legges ved<br \/>\nMest brukt til:ForbrukB\u00e5tSolcelleBobilUPSN\u00f8dstr\u00f8mBack upDataAlarm<\/p>\n","protected":false},"featured_media":13783,"template":"","meta":[],"product_brand":[],"product_cat":[724],"product_tag":[],"class_list":{"0":"post-12474","1":"product","2":"type-product","3":"status-publish","4":"has-post-thumbnail","6":"product_cat-vmf-gel-batterier-batterier-2","8":"first","9":"instock","10":"taxable","11":"shipping-taxable","12":"purchasable","13":"product-type-simple"},"_links":{"self":[{"href":"https:\/\/partssupply.no\/index.php\/wp-json\/wp\/v2\/product\/12474","targetHints":{"allow":["GET"]}}],"collection":[{"href":"https:\/\/partssupply.no\/index.php\/wp-json\/wp\/v2\/product"}],"about":[{"href":"https:\/\/partssupply.no\/index.php\/wp-json\/wp\/v2\/types\/product"}],"wp:featuredmedia":[{"embeddable":true,"href":"https:\/\/partssupply.no\/index.php\/wp-json\/wp\/v2\/media\/13783"}],"wp:attachment":[{"href":"https:\/\/partssupply.no\/index.php\/wp-json\/wp\/v2\/media?parent=12474"}],"wp:term":[{"taxonomy":"product_brand","embeddable":true,"href":"https:\/\/partssupply.no\/index.php\/wp-json\/wp\/v2\/product_brand?post=12474"},{"taxonomy":"product_cat","embeddable":true,"href":"https:\/\/partssupply.no\/index.php\/wp-json\/wp\/v2\/product_cat?post=12474"},{"taxonomy":"product_tag","embeddable":true,"href":"https:\/\/partssupply.no\/index.php\/wp-json\/wp\/v2\/product_tag?post=12474"}],"curies":[{"name":"wp","href":"https:\/\/api.w.org\/{rel}","templated":true}]}}