{"id":13244,"date":"2023-11-03T12:22:07","date_gmt":"2023-11-03T10:22:07","guid":{"rendered":"https:\/\/partssupply.no\/index.php\/product\/skanbatt-fritidsbatteri-12v-140ah-800cca-513x189x203-223mm-venstre\/"},"modified":"2026-03-29T11:17:23","modified_gmt":"2026-03-29T09:17:23","slug":"index-php-produkt-skanbatt-fritidsbatteri-12v-140ah-800cca-513x189x203-223mm-venstre","status":"publish","type":"product","link":"https:\/\/partssupply.no\/index.php\/produkt\/index-php-produkt-skanbatt-fritidsbatteri-12v-140ah-800cca-513x189x203-223mm-venstre\/","title":{"rendered":"SKANBATT Fritidsbatteri 12V 140AH 800CCA (513x189x203\/223mm) +venstre"},"content":{"rendered":"<p>Teknologi<br \/>\n\t\t\t\t\t\t\t\t\t\t\t\t\t\t\tBly \/ Syre<\/p>\n<p>\t\t\t\t\t\t\t\t\t\t\t\t\t\t\tSpenning<br \/>\n\t\t\t\t\t\t\t\t\t\t\t\t\t\t\t12V<\/p>\n<p>\t\t\t\t\t\t\t\t\t\t\t\t\t\t\tKapasitet<br \/>\n\t\t\t\t\t\t\t\t\t\t\t\t\t\t\t140Ah<\/p>\n<p>\t\t\t\t\t\t\t\t\t\t\t\t\t\t\tPolstilling<br \/>\n\t\t\t\t\t\t\t\t\t\t\t\t\t\t\t+Venstre<\/p>\n<p>\t\t\t\t\t\t\t\t\t\t\t\t\t\t\tPoltype<\/p>\n<p>\t\t\t\t\t\t\t\t\t\t\t\t\t\t\tFestelist<br \/>\n\t\t\t\t\t\t\t\t\t\t\t\t\t\t\tNei<\/p>\n<p>\t\t\t\t\t\t\t\t\t\t\t\t\tSt\u00f8rrelse<br \/>\n\t\t\t\t\t\t\t\t\t\t\t\t\t513x189x223 mm<\/p>\n<p>\t\t\t\t\t\t\t\t\t\t\t\t\tVekt<\/p>\n<p>\t\t\t\t\t\t\t\t\t\t\t\t\t\t\t\t\t\t\t\t\t\t\t\t\t\t\t35,76 kg<\/p>\n","protected":false},"excerpt":{"rendered":"<p>SKANBATT Fritidsbatteri 12V 140AH 800CCA<br \/>\n513x189x203mm \/ 223mm med pol<br \/>\nDIN standard pol<br \/>\n+ venstre \/ ingen festelist<br \/>\nSK140AH er et kombinert forbruk og startbatteri av meget h\u00f8y kvalitet. Dette batteriet brukes hovedsaklig p\u00e5 st\u00f8rre b\u00e5ter med stort behov for str\u00f8mreserve.<br \/>\nBatteriet er et lukket og vedlikeholdsfritt fritidsbatteri som ogs\u00e5 er mye brukt i st\u00f8rre bobiler samt p\u00e5 hytter med solcelleanlegg.<br \/>\nFordeler:<\/p>\n<p>Gode dyputladingsegenskaper gj\u00f8r serien meget godt egnet som forbruks batteri<br \/>\n100% vedlikeholdsfritt etter EN normen (forutsetter at lading fungerer tilfredsstillende)<br \/>\nBatteriene er lukket, noe som reduserer faren for syre s\u00f8l til et minimum<br \/>\nAlle fritidsbatteriene er utstyrt med b\u00e6reh\u00e5ndtak for enkel frakting og montering<br \/>\nTopp kvalitet, produsert i Europa for Skanbatt<br \/>\nGod starteffekt for sikker start av de aller fleste marine motorer<\/p>\n<p>GR4<\/p>\n","protected":false},"featured_media":14154,"template":"","meta":[],"product_brand":[],"product_cat":[733],"product_tag":[],"class_list":{"0":"post-13244","1":"product","2":"type-product","3":"status-publish","4":"has-post-thumbnail","6":"product_cat-skanbatt-fritidsbatterier-batterier-2","8":"first","9":"instock","10":"taxable","11":"shipping-taxable","12":"purchasable","13":"product-type-simple"},"_links":{"self":[{"href":"https:\/\/partssupply.no\/index.php\/wp-json\/wp\/v2\/product\/13244","targetHints":{"allow":["GET"]}}],"collection":[{"href":"https:\/\/partssupply.no\/index.php\/wp-json\/wp\/v2\/product"}],"about":[{"href":"https:\/\/partssupply.no\/index.php\/wp-json\/wp\/v2\/types\/product"}],"wp:featuredmedia":[{"embeddable":true,"href":"https:\/\/partssupply.no\/index.php\/wp-json\/wp\/v2\/media\/14154"}],"wp:attachment":[{"href":"https:\/\/partssupply.no\/index.php\/wp-json\/wp\/v2\/media?parent=13244"}],"wp:term":[{"taxonomy":"product_brand","embeddable":true,"href":"https:\/\/partssupply.no\/index.php\/wp-json\/wp\/v2\/product_brand?post=13244"},{"taxonomy":"product_cat","embeddable":true,"href":"https:\/\/partssupply.no\/index.php\/wp-json\/wp\/v2\/product_cat?post=13244"},{"taxonomy":"product_tag","embeddable":true,"href":"https:\/\/partssupply.no\/index.php\/wp-json\/wp\/v2\/product_tag?post=13244"}],"curies":[{"name":"wp","href":"https:\/\/api.w.org\/{rel}","templated":true}]}}