{"id":16606,"date":"2025-11-18T04:51:39","date_gmt":"2025-11-18T02:51:39","guid":{"rendered":"https:\/\/partssupply.no\/?post_type=product&#038;p=16606"},"modified":"2026-03-29T11:16:22","modified_gmt":"2026-03-29T09:16:22","slug":"index-php-produkt-echo-cs-2511wes-motorsag-30-cm","status":"publish","type":"product","link":"https:\/\/partssupply.no\/index.php\/produkt\/index-php-produkt-echo-cs-2511wes-motorsag-30-cm\/","title":{"rendered":"ECHO CS-2511WES Motorsag &#8211; 30 cm"},"content":{"rendered":"<p>Oppdag kraften og lettheten til ECHO CS-2511WES motorsag.<br \/>\nMed sin imponerende lave vekt p\u00e5 kun 2,6 kg og en 25 cc profesjonell motor, er dette en av de mest effektive motorsagene p\u00e5 markedet.<br \/>\nECHO CS-2511WES er perfekt for alt fra beskj\u00e6ring og trimming til presisjonsarbeid og gir den brukeren en uovertruffen kraft til vekt forhold som gj\u00f8r arbeidsdagen lettere og mer produktiv. Med enkle startfunksjoner, lavere utslipp og redusert st\u00f8y, er ECHO CS-2511WES den ideelle partneren for alle dine skj\u00e6rebehov!<br \/>\nOppgrader arbeidsutstyret ditt og opplev forskjellen med ECHO CS-2511WES!<\/p>\n<p> \tEcho 2-taktsmotor\u00a0&#8211; 25 cc<br \/>\n \tMotorstyrke 1.1\u00a0kW \/ 1.5 Hk<br \/>\n \tVekt 2.6 kg uten bensin og kjedeolje<br \/>\n \tBensintank 190 ml<br \/>\n \tKjedeoljetank 140 ml<br \/>\n \tBensinforbruk ved maks kraft 0.67 liter\/time<br \/>\n \tPrimer<br \/>\n \tTreghetskjedebrems<br \/>\n \tChoke med automatisk rask tomgangsfrigj\u00f8ring<br \/>\n \tG-Force Luftfilterrenser<br \/>\n \tSverdlengde 30 cm \/ 12&#8243;<br \/>\n \tSverdsporbredde 1.3 mm \/ 0.050&#8243;<br \/>\n \tSverdtype laminert<br \/>\n \tSverdnese 8-tannshjul fast<br \/>\n \tSverdmonteringstype C<br \/>\n \tKjededeling 3\/8&#8243;<br \/>\n \tKjedetype 91PX-047E<br \/>\n \tKjedestrammer p\u00e5 siden<br \/>\n \tVibrasjon frem \/ bakre h\u00e5ndtak 4.8 \/ 4.0 m\/s2<br \/>\n \tLydtrykksniv\u00e5 ved brukerens \u00f8re 99.7 dB(A)<br \/>\n \tLydeffektniv\u00e5, garantert (LWA) 108.9 dB(A)<br \/>\n \tCO2 Eksosutslipp 946 g\/kWh<br \/>\n \tAnbefalt korteste sverdlengde 20 cm \/ 8&#8243;<br \/>\n \tAnbefalt lengste\u00a0sverdlengde 30 cm \/ 12&#8243;<br \/>\n \tGarantitid 5 \u00e5r privatbruk og 2 \u00e5r proffbruk<\/p>\n<p>ECHO CS-2511 WES motorsag kombinerer kraft og letthet i en klasse for seg og med brukervennlige funksjoner som enkel start, lave utslipp og redusert st\u00f8y &#8211; er ECHO CS-2511 WES perfekt for b\u00e5de profesjonelle og hobbybrukere.<br \/>\nECHO CS-2511 WES vil gj\u00f8re ditt arbeid lettere og mer effektivt, og i tillegg har motorsagen 2 \u00e5rs profesjonell garanti.<br \/>\nKom og pr\u00f8v ECHO CS-2511 WES i aksjon hos oss og opplev selv hvor mye enklere arbeidet kan bli.<br \/>\nPS. Avtal tid da vi ikke er en ordin\u00e6r butikk.<\/p>\n<p><iframe loading=\"lazy\" title=\"Echo CS-2511WES Motorsag | Lettvektig, Kraftig og Allsidig\" width=\"980\" height=\"551\" src=\"https:\/\/www.youtube.com\/embed\/VkGJ_3F5TrE?start=4&#038;feature=oembed&#038;enablejsapi=1&#038;origin=https:\/\/partssupply.no\" frameborder=\"0\" allow=\"accelerometer; autoplay; clipboard-write; encrypted-media; gyroscope; picture-in-picture; web-share\" referrerpolicy=\"strict-origin-when-cross-origin\" allowfullscreen><\/iframe><\/p>\n<p><iframe loading=\"lazy\" title=\"Introducing the CS-2511WES - New rear handle petrol chainsaw. Best power to weight on the market.\" width=\"980\" height=\"551\" src=\"https:\/\/www.youtube.com\/embed\/NKpHMQehoF0?start=2&#038;feature=oembed&#038;enablejsapi=1&#038;origin=https:\/\/partssupply.no\" frameborder=\"0\" allow=\"accelerometer; autoplay; clipboard-write; encrypted-media; gyroscope; picture-in-picture; web-share\" referrerpolicy=\"strict-origin-when-cross-origin\" allowfullscreen><\/iframe><\/p>\n","protected":false},"excerpt":{"rendered":"<p>NYTT\u00c5RS TILBUD 2026 <\/p>\n<p>Veil. kr. 5.436,00 eks. mva. \u2013 kr 6.795,00 ink. mva.<br \/>\nN\u00c5 kr. 4.396,00 eks. mva. \u2013 kr. 5.495 ink. mva.<br \/>\nFRI FRAKT!<\/p>\n<p>Du sparer kr. 1.040,00 eks. mva. \u2013 kr. 1.300,00 ink. mva. \u2013 PLUSS FRI FRAKT!<\/p>\n<p>Vi tar forbehold om skrivefeil!<\/p>\n<p>ECHO CS-2511WES er en usedvanlig lett og kraftig bakh\u00e5ndssag, designet for optimal ytelse og allsidighet.<br \/>\nMed en vekt p\u00e5 kun 2,6 kg og en 25 cm\u00b3 profesjonell motor, tilbyr ECHO CS-2511WES den beste kraft til vekt forholdet i sin klasse.<br \/>\nECHO CS-2511WES er ideell for oppgaver som trimming, beskj\u00e6ring og detaljert trearbeid og har et enkelt start-system, lave utslipp og redusert st\u00f8yniv\u00e5.<\/p>\n<p>Har du lyst til \u00e5 pr\u00f8ve denne saga eller en av de andre vi har som test sag, s\u00e5 ta kontakt for avtale og du kan komme til oss og pr\u00f8ve her.<\/p>\n[embed]https:\/\/www.youtube.com\/watch?v=0Ip155wUWjs&#038;t=6s[\/embed]\n","protected":false},"featured_media":16607,"template":"","meta":[],"product_brand":[],"product_cat":[1113,1031,628,1162,1112,1169,1111],"product_tag":[],"class_list":{"0":"post-16606","1":"product","2":"type-product","3":"status-publish","4":"has-post-thumbnail","6":"product_cat-bensin-motorsager","7":"product_cat-echo","8":"product_cat-kampanje","9":"product_cat-motorsag","10":"product_cat-motorsager","11":"product_cat-ordinaer-sag","12":"product_cat-skogsredskaper","13":"product_shipping_class-free-shipping","15":"first","16":"instock","17":"sale","18":"taxable","19":"shipping-taxable","20":"purchasable","21":"product-type-simple"},"_links":{"self":[{"href":"https:\/\/partssupply.no\/index.php\/wp-json\/wp\/v2\/product\/16606","targetHints":{"allow":["GET"]}}],"collection":[{"href":"https:\/\/partssupply.no\/index.php\/wp-json\/wp\/v2\/product"}],"about":[{"href":"https:\/\/partssupply.no\/index.php\/wp-json\/wp\/v2\/types\/product"}],"wp:featuredmedia":[{"embeddable":true,"href":"https:\/\/partssupply.no\/index.php\/wp-json\/wp\/v2\/media\/16607"}],"wp:attachment":[{"href":"https:\/\/partssupply.no\/index.php\/wp-json\/wp\/v2\/media?parent=16606"}],"wp:term":[{"taxonomy":"product_brand","embeddable":true,"href":"https:\/\/partssupply.no\/index.php\/wp-json\/wp\/v2\/product_brand?post=16606"},{"taxonomy":"product_cat","embeddable":true,"href":"https:\/\/partssupply.no\/index.php\/wp-json\/wp\/v2\/product_cat?post=16606"},{"taxonomy":"product_tag","embeddable":true,"href":"https:\/\/partssupply.no\/index.php\/wp-json\/wp\/v2\/product_tag?post=16606"}],"curies":[{"name":"wp","href":"https:\/\/api.w.org\/{rel}","templated":true}]}}