{"id":5664,"date":"2023-03-10T12:43:08","date_gmt":"2023-03-10T10:43:08","guid":{"rendered":"https:\/\/partssupply.no\/index.php\/product\/blatind-husvask\/"},"modified":"2026-04-03T01:30:02","modified_gmt":"2026-04-02T23:30:02","slug":"index-php-produkt-blatind-husvask","status":"publish","type":"product","link":"https:\/\/partssupply.no\/index.php\/produkt\/index-php-produkt-blatind-husvask\/","title":{"rendered":"Bl\u00e5tind Husvask"},"content":{"rendered":"<p><strong>Bl\u00e5tind<\/strong> er utviklet for norske forhold og\u00a0for de som \u00f8nsker kun det beste for \u00e5 oppn\u00e5 optimal effekt og for \u00e5 ivareta og vedlikeholde.<br \/>\n<strong>Bl\u00e5tind Husvask<\/strong> benyttes for vask av hus de gangene huset ikke skal males.<\/p>\n","protected":false},"excerpt":{"rendered":"<p>Pris er eks. mva.<strong><\/p>\n<p>TEKNISK DATA:<\/strong><br \/>\nVarenummer: 149135<br \/>\nEAN-nr: 7050481491357<br \/>\nSt\u00f8rrelse: 4 Liter<\/p>\n","protected":false},"featured_media":4802,"template":"","meta":[],"product_brand":[],"product_cat":[34,381,377,868],"product_tag":[],"class_list":{"0":"post-5664","1":"product","2":"type-product","3":"status-publish","4":"has-post-thumbnail","6":"product_cat-foma","7":"product_cat-forbruker","8":"product_cat-kjemi","9":"product_cat-produkter-foma","11":"first","12":"instock","13":"taxable","14":"shipping-taxable","15":"purchasable","16":"product-type-simple"},"_links":{"self":[{"href":"https:\/\/partssupply.no\/index.php\/wp-json\/wp\/v2\/product\/5664","targetHints":{"allow":["GET"]}}],"collection":[{"href":"https:\/\/partssupply.no\/index.php\/wp-json\/wp\/v2\/product"}],"about":[{"href":"https:\/\/partssupply.no\/index.php\/wp-json\/wp\/v2\/types\/product"}],"wp:featuredmedia":[{"embeddable":true,"href":"https:\/\/partssupply.no\/index.php\/wp-json\/wp\/v2\/media\/4802"}],"wp:attachment":[{"href":"https:\/\/partssupply.no\/index.php\/wp-json\/wp\/v2\/media?parent=5664"}],"wp:term":[{"taxonomy":"product_brand","embeddable":true,"href":"https:\/\/partssupply.no\/index.php\/wp-json\/wp\/v2\/product_brand?post=5664"},{"taxonomy":"product_cat","embeddable":true,"href":"https:\/\/partssupply.no\/index.php\/wp-json\/wp\/v2\/product_cat?post=5664"},{"taxonomy":"product_tag","embeddable":true,"href":"https:\/\/partssupply.no\/index.php\/wp-json\/wp\/v2\/product_tag?post=5664"}],"curies":[{"name":"wp","href":"https:\/\/api.w.org\/{rel}","templated":true}]}}