{"id":5700,"date":"2023-03-10T12:43:11","date_gmt":"2023-03-10T10:43:11","guid":{"rendered":"https:\/\/partssupply.no\/?post_type=product&#038;p=5700"},"modified":"2026-03-29T11:17:31","modified_gmt":"2026-03-29T09:17:31","slug":"index-php-produkt-universal-k-70","status":"publish","type":"product","link":"https:\/\/partssupply.no\/index.php\/produkt\/index-php-produkt-universal-k-70\/","title":{"rendered":"Universal K-70"},"content":{"rendered":"<p>Varenummer:<\/p>\n<p>                                  149161, 149162, 149187 <\/p>\n<p>                            St\u00f8rrelse:<\/p>\n<p>25, 205, 1000<br \/>\nLiter<\/p>\n","protected":false},"excerpt":{"rendered":"<p>Foma Universal K-70 er et sterkt flytende alkalisk rengj\u00f8ringsmiddel.<br \/>\nBruksomr\u00e5de:<br \/>\nRengj\u00f8ring av produksjonsutstyr, gulv, vegger og tak. Egnet for \u00e5 fjerne proteiner, vegetabilsk\/ animalsk fett, karbohydrater m.m. Egnet for generell rengj\u00f8ring i fiskeforedlingsindustrien. Produktet m\u00e5 ikke t\u00f8rke inn f\u00f8r avskylling p\u00e5 glassflater. B\u00f8r ikke benyttes p\u00e5 aluminium, messing og kobber. Eventuelt med kort virketid.<br \/>\nBruksanvisning:<br \/>\nDosering: Vaskel\u00f8sningen p\u00e5f\u00f8res med lavtrykk (20 &#8211; 30\u00b0C).<br \/>\nDosering 5 dl pr. 10 liter vann (5%).<br \/>\nOptimalt temperatur omr\u00e5de er (25 &#8211; 30\u00b0C).<br \/>\nVirketid ca. 5 &#8211; 10 minutter.<br \/>\nSpyles\/skylles grundig med varmt vann (50 &#8211; 60\u00b0C) og h\u00f8ytrykk.<br \/>\nEgenskaper:<br \/>\nSvak p\u00e5virkning av aluminium, messing og kobber. Vaskel\u00f8sningen m\u00e5 ikke t\u00f8rke p\u00e5 glassflater. pH 12,0 i bruksl\u00f8sning. Vannl\u00f8selig i alle forhold.<\/p>\n","protected":false},"featured_media":4871,"template":"","meta":[],"product_brand":[],"product_cat":[383],"product_tag":[],"class_list":{"0":"post-5700","1":"product","2":"type-product","3":"status-publish","4":"has-post-thumbnail","6":"product_cat-industri-kjemi","8":"first","9":"instock","10":"taxable","11":"shipping-taxable","12":"purchasable","13":"product-type-variable","14":"has-default-attributes"},"_links":{"self":[{"href":"https:\/\/partssupply.no\/index.php\/wp-json\/wp\/v2\/product\/5700","targetHints":{"allow":["GET"]}}],"collection":[{"href":"https:\/\/partssupply.no\/index.php\/wp-json\/wp\/v2\/product"}],"about":[{"href":"https:\/\/partssupply.no\/index.php\/wp-json\/wp\/v2\/types\/product"}],"wp:featuredmedia":[{"embeddable":true,"href":"https:\/\/partssupply.no\/index.php\/wp-json\/wp\/v2\/media\/4871"}],"wp:attachment":[{"href":"https:\/\/partssupply.no\/index.php\/wp-json\/wp\/v2\/media?parent=5700"}],"wp:term":[{"taxonomy":"product_brand","embeddable":true,"href":"https:\/\/partssupply.no\/index.php\/wp-json\/wp\/v2\/product_brand?post=5700"},{"taxonomy":"product_cat","embeddable":true,"href":"https:\/\/partssupply.no\/index.php\/wp-json\/wp\/v2\/product_cat?post=5700"},{"taxonomy":"product_tag","embeddable":true,"href":"https:\/\/partssupply.no\/index.php\/wp-json\/wp\/v2\/product_tag?post=5700"}],"curies":[{"name":"wp","href":"https:\/\/api.w.org\/{rel}","templated":true}]}}