{"id":5711,"date":"2023-03-10T12:43:11","date_gmt":"2023-03-10T10:43:11","guid":{"rendered":"https:\/\/partssupply.no\/index.php\/product\/master-rens\/"},"modified":"2026-03-29T11:16:37","modified_gmt":"2026-03-29T09:16:37","slug":"index-php-produkt-master-rens","status":"publish","type":"product","link":"https:\/\/partssupply.no\/index.php\/produkt\/index-php-produkt-master-rens\/","title":{"rendered":"Master Rens"},"content":{"rendered":"<p>Varenummer:<\/p>\n<p>                                  147463 <\/p>\n<p>                                    EAN-nr:<\/p>\n<p>                                  7050481474633 <\/p>\n<p>                            St\u00f8rrelse:<\/p>\n<p>25<br \/>\nLiter<\/p>\n","protected":false},"excerpt":{"rendered":"<p>Foma Master Rens er et spesialpreparat for utvendig rengj\u00f8ring av jernbanemateriell.<br \/>\nBruksomr\u00e5de:<br \/>\nRengj\u00f8ring av jernbanevogner, transportcontainere, skilting og lyssignaler for jernbanen. L\u00f8ser meget godt ekstreme forurensninger av bremsest\u00f8v, rustrenner og trafikksmuss fra jernbanetrafikk.<br \/>\nBruksanvisning:<br \/>\nVaskel\u00f8sningen p\u00e5f\u00f8res med lavtrykk nedenfra og oppover veggflaten. Bearbeides med kost eller roterende vaskeb\u00f8rste. Ekstreme forurensninger beh\u00f8ver ca. 5 minutter virketid f\u00f8r avskylling med h\u00f8ytrykksvasker. Skyll til slutt godt med rent vann ovenfra og ned.<br \/>\nDosering: Lastecontainer, containerbokser, jernbanevogner, skilting og lyssignal.<br \/>\nVaskeintervall hver 14.dag 1:10<br \/>\nVaskeintervall hver 7.dag 1:20<br \/>\nVaskehyppigheten er avgj\u00f8rende for hvilken konsentrasjon man velger for vaskeprosessen. \u00c5rstiden er ogs\u00e5 av betydning for hvilken konsentrasjon man \u00f8nsker \u00e5 benytte.<br \/>\nEgenskaper:<br \/>\nFoma Master Rens er sterk etsende og m\u00e5 behandles med verneutstyr. Biologisk lett nedbrytbare tensider, syrekombinasjon og glykoleter. pH 1 i konsentrat. Vannl\u00f8selig i alle forhold.<\/p>\n","protected":false},"featured_media":5452,"template":"","meta":[],"product_brand":[],"product_cat":[383],"product_tag":[],"class_list":{"0":"post-5711","1":"product","2":"type-product","3":"status-publish","4":"has-post-thumbnail","6":"product_cat-industri-kjemi","8":"first","9":"instock","10":"taxable","11":"shipping-taxable","12":"purchasable","13":"product-type-simple"},"_links":{"self":[{"href":"https:\/\/partssupply.no\/index.php\/wp-json\/wp\/v2\/product\/5711","targetHints":{"allow":["GET"]}}],"collection":[{"href":"https:\/\/partssupply.no\/index.php\/wp-json\/wp\/v2\/product"}],"about":[{"href":"https:\/\/partssupply.no\/index.php\/wp-json\/wp\/v2\/types\/product"}],"wp:featuredmedia":[{"embeddable":true,"href":"https:\/\/partssupply.no\/index.php\/wp-json\/wp\/v2\/media\/5452"}],"wp:attachment":[{"href":"https:\/\/partssupply.no\/index.php\/wp-json\/wp\/v2\/media?parent=5711"}],"wp:term":[{"taxonomy":"product_brand","embeddable":true,"href":"https:\/\/partssupply.no\/index.php\/wp-json\/wp\/v2\/product_brand?post=5711"},{"taxonomy":"product_cat","embeddable":true,"href":"https:\/\/partssupply.no\/index.php\/wp-json\/wp\/v2\/product_cat?post=5711"},{"taxonomy":"product_tag","embeddable":true,"href":"https:\/\/partssupply.no\/index.php\/wp-json\/wp\/v2\/product_tag?post=5711"}],"curies":[{"name":"wp","href":"https:\/\/api.w.org\/{rel}","templated":true}]}}