{"id":7131,"date":"2023-03-10T17:15:36","date_gmt":"2023-03-10T15:15:36","guid":{"rendered":"https:\/\/partssupply.no\/index.php\/product\/fmt6-63ltr-3-brukere\/"},"modified":"2026-03-29T11:16:25","modified_gmt":"2026-03-29T09:16:25","slug":"index-php-produkt-fmt6-63ltr-3-brukere","status":"publish","type":"product","link":"https:\/\/partssupply.no\/index.php\/produkt\/index-php-produkt-fmt6-63ltr-3-brukere\/","title":{"rendered":"FMT6 63LTR 3 BRUKERE"},"content":{"rendered":"<p>Varenummer:<\/p>\n<p>                                  fmt <\/p>\n<p>                            Trykk:<\/p>\n<p>20-150<br \/>\nbar                        <\/p>\n<p>                            Vannmengde:<\/p>\n<p>3780<br \/>\nltr\/time                        <\/p>\n<p>                            Kapasitet:<\/p>\n<p>3 Brukere<\/p>\n<p>                            Spenning:<\/p>\n<p>400<br \/>\nV-Amp                        <\/p>\n<p>                            Absorbert effekt:<\/p>\n<p>16,6<br \/>\nkW                        <\/p>\n<p>                            Pumpeturtall:<\/p>\n<p>1450<br \/>\nrpm                        <\/p>\n<p>                            Maks temperatur vanntilf\u00f8rsel:<\/p>\n<p>80<br \/>\n\u00b0C                        <\/p>\n<p>                            Vekt:<\/p>\n<p>225<br \/>\nkg                        <\/p>\n<p>                            Dimensjoner:<\/p>\n<p>70x160x45<br \/>\ncm<\/p>\n","protected":false},"excerpt":{"rendered":"<p>Fler-pumpe anlegget FMT6 er en p\u00e5litelig, effektiv og sikker l\u00f8sning hvor behovet for flere uttak er n\u00f8dvendig. Hovedfunksjonene i FMT 6 er deres modularitet med bruk fra en til seks brukere samtidig, trykkjusterbar fra 20 til 150 bar, vannmengde p\u00e5 15, 12, 30 liter\/minutt og automatisering. Antall samtidige brukere bestemmes under prosjekteringsfasen, deretter justeres systemet vannmengde til antallet brukere som faktisk er i bruk, og garanterer et konstant trykk ved hvert vaskepunkt. Overskytende pumper sl\u00e5s av automatisk etter cirka 10 sekunder, med totalt forsinket stopp av selve vaskesystemet n\u00e5r alle lansene er lukket. Kontroll- og trykk- og vannsreguleringsmodulen er plassert p\u00e5 toppen av maskinen og det elektriske panelet (IP65) er veggmontert \u00e5 kan plasseres p\u00e5 det mest passende stedet. Det elektriske panelet har en ultramoderne elektronisk enhet som automatisk styrer hele det sentraliserte 2 til 6\u00a0 fler-pumpe anlegget, spesielt f\u00f8lgende funksjoner:<br \/>\n1. Kontroll og visning av trykkinnstillingen med elektronisk trykkbryter og digitalt display<br \/>\n2. Kontroll av ettersp\u00f8rselen etter trykkvann og automatisk oppstart av moduler<br \/>\n3. Kontroll av temperatur p\u00e5 vannet inn med digitalt display.<br \/>\n4. Beskyttelse mot samtidig oppstart av modulene; oppstart av modulene er forskj\u00f8vet noen sekunder for \u00e5 unng\u00e5 h\u00f8y oppstartspenning p\u00e5 str\u00f8mnettet.<br \/>\n5. Statistisk oppstart.<\/p>\n<p>Modulen som skal startes velges tilfeldig for \u00e5 sikre jevn belastningsfordeling blant de forskjellige modulene. Systemets sikkerhet i tilfelle skadet slange, for h\u00f8y vanntemperatur eller overtrykk kan overv\u00e5kes til enhver tid.<br \/>\nLeveres med ramme i rustfritt st\u00e5l.<\/p>\n","protected":false},"featured_media":6741,"template":"","meta":[],"product_brand":[],"product_cat":[353],"product_tag":[],"class_list":{"0":"post-7131","1":"product","2":"type-product","3":"status-publish","4":"has-post-thumbnail","6":"product_cat-fler-brukeranlegg","8":"first","9":"instock","10":"taxable","11":"shipping-taxable","12":"product-type-simple"},"_links":{"self":[{"href":"https:\/\/partssupply.no\/index.php\/wp-json\/wp\/v2\/product\/7131","targetHints":{"allow":["GET"]}}],"collection":[{"href":"https:\/\/partssupply.no\/index.php\/wp-json\/wp\/v2\/product"}],"about":[{"href":"https:\/\/partssupply.no\/index.php\/wp-json\/wp\/v2\/types\/product"}],"wp:featuredmedia":[{"embeddable":true,"href":"https:\/\/partssupply.no\/index.php\/wp-json\/wp\/v2\/media\/6741"}],"wp:attachment":[{"href":"https:\/\/partssupply.no\/index.php\/wp-json\/wp\/v2\/media?parent=7131"}],"wp:term":[{"taxonomy":"product_brand","embeddable":true,"href":"https:\/\/partssupply.no\/index.php\/wp-json\/wp\/v2\/product_brand?post=7131"},{"taxonomy":"product_cat","embeddable":true,"href":"https:\/\/partssupply.no\/index.php\/wp-json\/wp\/v2\/product_cat?post=7131"},{"taxonomy":"product_tag","embeddable":true,"href":"https:\/\/partssupply.no\/index.php\/wp-json\/wp\/v2\/product_tag?post=7131"}],"curies":[{"name":"wp","href":"https:\/\/api.w.org\/{rel}","templated":true}]}}