{"id":7277,"date":"2023-03-10T17:15:53","date_gmt":"2023-03-10T15:15:53","guid":{"rendered":"https:\/\/partssupply.no\/index.php\/product\/pw-c21-i-1310-p-m\/"},"modified":"2026-03-29T11:17:01","modified_gmt":"2026-03-29T09:17:01","slug":"index-php-produkt-pw-c21-i-1310-p-m","status":"publish","type":"product","link":"https:\/\/partssupply.no\/index.php\/produkt\/index-php-produkt-pw-c21-i-1310-p-m\/","title":{"rendered":"PW-C21 I 1310 P M"},"content":{"rendered":"<p>Produktinformasjon:<br \/>\nFOMA PW-C21 er en liten, b\u00e6rbar, kompakt og effektiv en-faset kaldtvannsvasker og er en 3 i 1 maskin: b\u00e6rbar, transporterbar og stasjon\u00e6r.<br \/>\nFOMA PW-C21 sl\u00e5r seg automatisk av n\u00e5r den ikke er i bruk og dette forlenger motorpumpens liv. Og ved \u00e5 aktivisere h\u00f8ytrykkspistolen s\u00e5 starter maskinen automatisk.<br \/>\nMaskinen er utrustet med en kraftig stempelpumpe med keramiske stempler og messing pumpetopp.<br \/>\nFOMA PW-C21 er levert med en to-polet elektrisk induksjonsmotor som er mer stilleg\u00e5ende og er vedlikeholds fri.<br \/>\nMotoren har termisk beskyttelse og h\u00f8ytrykkspumpen har en trykkreguleringsventil som gj\u00f8r at arbeidstrykket enkelt kan reguleres til \u00f8nsket arbeidstrykk, slik at best mulig vaskeresultat oppn\u00e5s.<br \/>\nEnkel og funksjonell design gj\u00f8r den bruker- og service vennlig.<br \/>\nProfesjonelt manometer som gj\u00f8r det lett \u00e5 sjekke arbeidstrykket.<br \/>\nFOMA PW-C21 er med sitt pumpetrykk p\u00e5 hele 130 bar og en vannmengde p\u00e5 630 l\/tim. den perfekte maskin for vaktmestere, hoteller, rengj\u00f8ringsbyr\u00e5er, sm\u00e5industri eller som en meget god hjemme maskin.<br \/>\nMaskinen leveres standard med spylepistol som har enkel spylelanse med multireg. dyse, 8 meter h\u00f8ytrykksslange, kjem. injektor og automatisk start\/stopp system.<\/p>\n<p>3 i 1 l\u00f8sning<br \/>\nKTRI40417 Transportvogn med hurtigtilkobling som gj\u00f8r det lett \u00e5 gj\u00f8re maskinen om fra \u00e5 v\u00e6re b\u00e6rbar til \u00e5 v\u00e6re lett transporterbar. Transportvognen er solid bygget med store gummierte transport hjul og har braketter for oppbevaring av h.t.slange, el.kabel og h\u00f8ytrykksutstyr.<\/p>\n<p>KTRI40418 Veggbrakett med slangetrommel som gj\u00f8r at maskinen kan v\u00e6re et stasjon\u00e6ranlegg innerst i garasjen.<\/p>\n<p>KTRI40419 slangetrommelen rommer inntil 20 meter h.t.slange og med hurtigkoblingen s\u00e5 er det lett \u00e5 koble maskinen fra veggbraketten over til transportvognen eller bruke maskinen som en b\u00e6rbarmaskin og leveres uten h.t.slange.<\/p>\n<p>STANDARDUTSTYR:<br \/>\nPistol PW-C21 \u2013 Art. nr. IPIP40009<br \/>\nMultireglanse PW-C21 1310<br \/>\nH\u00f8ytrykksslange PW-C21 \u2013 Art. nr. TBAP40210<\/p>\n<p>ANBEFALT TILBEH\u00d8R:<br \/>\nTurbolanse \u2013 PW-C21 1310 \u2013 Art. nr. LCPR40151<br \/>\nH\u00f8ytrykksslange 15 meter PW-C21 \u2013 158055<br \/>\nKj\u00f8revogn PW-C21 \u2013 Art. nr. KTRI40417<br \/>\nSlangetrommel for kj\u00f8revogn PW-C21 \u2013 Art. nr. KTRI40419<br \/>\nVeggmontert slangetrommel uten slange PW-C21 \u2013 Art. nr. KTRI40418<br \/>\nVeggmontert slangetrommel med slange PW-C21 \u2013 Art. nr. KTRI40443<br \/>\nSvivel messing \u00bc\u00bb &#8211; Art. nr. 141897<br \/>\nSvivel rustfritt st\u00e5l \u00bc\u00bb &#8211; Art. nr. 141898<\/p>\n<p>TEKNISK DATA:<br \/>\nVarenummer: FOM &#8211; 146068<br \/>\nTrykk: 130 bar<br \/>\nVannmengde: 630 ltr\/time<br \/>\nStyringssystem: Automatisk start &#8211; stopp<br \/>\nSpenning: 1-230-16 V-Amp<br \/>\nAbsorbert effekt: 2,9 kW<br \/>\nPumpeturtall: 2800 rpm<br \/>\nMaks temperatur vanntilf\u00f8rsel: 60 \u00b0C<br \/>\nH\u00f8ytrykkslange: 8 meter<br \/>\nStr\u00f8mkabel: 5 meter<br \/>\nKjem. injektor: Lavtrykksinjektor<br \/>\nStart \/ stopp system: Ja<br \/>\nSelvsugende: Ja<br \/>\nDimensjoner: 43 x 28 x 26 cm<\/p>\n<p><iframe loading=\"lazy\" title=\"PW C21\" width=\"980\" height=\"551\" src=\"https:\/\/www.youtube.com\/embed\/dNDVA8moVPc?start=22&#038;feature=oembed&#038;enablejsapi=1&#038;origin=https:\/\/partssupply.no\" frameborder=\"0\" allow=\"accelerometer; autoplay; clipboard-write; encrypted-media; gyroscope; picture-in-picture; web-share\" referrerpolicy=\"strict-origin-when-cross-origin\" allowfullscreen><\/iframe><\/p>\n","protected":false},"excerpt":{"rendered":"<p>H\u00d8STKAMPANJE 2025!<\/p>\n<p>Veil. kr. 11.307,00 eks. mva. \u2013 kr 14.133,75 ink. mva.<br \/>\nN\u00c5 kr. 10.156,00 eks. mva. \u2013 kr. 12.695,00 ink. mva.<\/p>\n<p>Du sparer kr. 1.151,00 eks. mva. \u2013 kr. 1.438,75 ink. mva.<\/p>\n<p>Benytt muligheten for et\u00a0KJEMPE\u00a0tilbud\u00a0p\u00e5 ekstrautstyr og kjemi sammen med vaskeren.<br \/>\nSend foresp\u00f8rsel til:<br \/>\npost@partssupply.no<br \/>\nfor et\u00a0KNALLBRA\u00a0pakketilbud levert hos deg!<\/p>\n<p>Vi tar forbehold om skrivefeil!<\/p>\n","protected":false},"featured_media":13621,"template":"","meta":[],"product_brand":[],"product_cat":[630,34,346,813,367,634,628,370,809],"product_tag":[],"class_list":{"0":"post-7277","1":"product","2":"type-product","3":"status-publish","4":"has-post-thumbnail","6":"product_cat-foma-hoytrykksvaskere","7":"product_cat-foma","8":"product_cat-hoytrykksvaskere","9":"product_cat-hoytrykksvaskere-foma-hoytrykksvaskere","10":"product_cat-kaldtvannsvaskere-hoytrykksvaskere","11":"product_cat-kaldtvannsvaskere-foma-hoytrykksvaskere","12":"product_cat-kampanje","13":"product_cat-semi-proff","14":"product_cat-semi-proff-kaldtvannsvaskere-foma-hoytrykksvaskere","15":"product_shipping_class-free-shipping","17":"first","18":"instock","19":"sale","20":"taxable","21":"shipping-taxable","22":"purchasable","23":"product-type-simple"},"_links":{"self":[{"href":"https:\/\/partssupply.no\/index.php\/wp-json\/wp\/v2\/product\/7277","targetHints":{"allow":["GET"]}}],"collection":[{"href":"https:\/\/partssupply.no\/index.php\/wp-json\/wp\/v2\/product"}],"about":[{"href":"https:\/\/partssupply.no\/index.php\/wp-json\/wp\/v2\/types\/product"}],"wp:featuredmedia":[{"embeddable":true,"href":"https:\/\/partssupply.no\/index.php\/wp-json\/wp\/v2\/media\/13621"}],"wp:attachment":[{"href":"https:\/\/partssupply.no\/index.php\/wp-json\/wp\/v2\/media?parent=7277"}],"wp:term":[{"taxonomy":"product_brand","embeddable":true,"href":"https:\/\/partssupply.no\/index.php\/wp-json\/wp\/v2\/product_brand?post=7277"},{"taxonomy":"product_cat","embeddable":true,"href":"https:\/\/partssupply.no\/index.php\/wp-json\/wp\/v2\/product_cat?post=7277"},{"taxonomy":"product_tag","embeddable":true,"href":"https:\/\/partssupply.no\/index.php\/wp-json\/wp\/v2\/product_tag?post=7277"}],"curies":[{"name":"wp","href":"https:\/\/api.w.org\/{rel}","templated":true}]}}