{"id":7614,"date":"2023-03-13T09:07:50","date_gmt":"2023-03-13T07:07:50","guid":{"rendered":"https:\/\/partssupply.no\/index.php\/product\/varta-promotive-black-batteri-12v-220ah-1150cca-518x276x220-242mm-venstre-n5\/"},"modified":"2026-03-29T11:17:36","modified_gmt":"2026-03-29T09:17:36","slug":"index-php-produkt-varta-promotive-black-batteri-12v-220ah-1150cca-518x276x220-242mm-venstre-n5","status":"publish","type":"product","link":"https:\/\/partssupply.no\/index.php\/produkt\/index-php-produkt-varta-promotive-black-batteri-12v-220ah-1150cca-518x276x220-242mm-venstre-n5\/","title":{"rendered":"VARTA Promotive Black Batteri 12V 220AH 1150CCA (518x276x220\/242mm) +venstre N5"},"content":{"rendered":"<p>Teknologi<br \/>\n\t\t\t\t\t\t\t\t\t\t\t\t\t\t\tBly \/ Syre<\/p>\n<p>\t\t\t\t\t\t\t\t\t\t\t\t\t\t\tSpenning<br \/>\n\t\t\t\t\t\t\t\t\t\t\t\t\t\t\t12V<\/p>\n<p>\t\t\t\t\t\t\t\t\t\t\t\t\t\t\tKapasitet<br \/>\n\t\t\t\t\t\t\t\t\t\t\t\t\t\t\t220Ah<\/p>\n<p>\t\t\t\t\t\t\t\t\t\t\t\t\t\t\tPolstilling<br \/>\n\t\t\t\t\t\t\t\t\t\t\t\t\t\t\t+Venstre<\/p>\n<p>\t\t\t\t\t\t\t\t\t\t\t\t\t\t\tAnbefalt bruk<br \/>\n\t\t\t\t\t\t\t\t\t\t\t\t\t\t\tStart<\/p>\n<p>\t\t\t\t\t\t\t\t\t\t\t\t\t\t\tPoltype<br \/>\n\t\t\t\t\t\t\t\t\t\t\t\t\t\t\tDIN<\/p>\n<p>\t\t\t\t\t\t\t\t\t\t\t\t\t\t\tFestelist<br \/>\n\t\t\t\t\t\t\t\t\t\t\t\t\t\t\tNei<\/p>\n<p>\t\t\t\t\t\t\t\t\t\t\t\t\tSt\u00f8rrelse<br \/>\n\t\t\t\t\t\t\t\t\t\t\t\t\t518x276x242 mm<\/p>\n<p>\t\t\t\t\t\t\t\t\t\t\t\t\tVekt<\/p>\n<p>\t\t\t\t\t\t\t\t\t\t\t\t\t\t\t\t\t\t\t\t\t\t\t\t\t\t\t56,79 kg<\/p>\n","protected":false},"excerpt":{"rendered":"<p>VARTA Startbatteri PRO Motive Black N5 12V 220AH 1150CCA<br \/>\nTil kj\u00f8ret\u00f8yer med moderat eller\u00a0lavere str\u00f8mbehov men som allikevel\u00a0trenger en ytelse du kan stole p\u00e5.\u00a0<br \/>\nTakket v\u00e6re en velpr\u00f8vd og uttestet hybridteknologi har VARTA\u00ae Promotive Black enest\u00e5ende kapasitetsreserver.\u00a0<br \/>\nUnder normale arbeidsforhold er den fullstendig vedlikeholdsfri og gir samlet sett lavere kostnader.Promotive Black &#8211; viktigste\u00a0fordelerBeregnet p\u00e5 kj\u00f8ret\u00f8y med mindre komplekse str\u00f8mbehovStandard OE-teknologi for kj\u00f8ret\u00f8y med mindre avanserte funksjonerOppfyller europeisk standard (EN 2) og krav om vibrasjonsbestandighet (V1)Minimal selvutlading takket v\u00e6re hybridteknologi som har opptil 12 m\u00e5neders lagerholdbarhet  Promotive Black 720 018 115 SpesifikasjonerModel: 720 018 115Kapasitet: 220 AhKaldstartampere: 1150 ABredde: 276 mmLengde: 518 mmH\u00f8yde: 242 mmShort Code: N5UK Code: 625UR<\/p>\n","protected":false},"featured_media":7613,"template":"","meta":[],"product_brand":[],"product_cat":[34],"product_tag":[],"class_list":{"0":"post-7614","1":"product","2":"type-product","3":"status-publish","4":"has-post-thumbnail","6":"product_cat-foma","8":"first","9":"instock","10":"taxable","11":"shipping-taxable","12":"purchasable","13":"product-type-simple"},"_links":{"self":[{"href":"https:\/\/partssupply.no\/index.php\/wp-json\/wp\/v2\/product\/7614","targetHints":{"allow":["GET"]}}],"collection":[{"href":"https:\/\/partssupply.no\/index.php\/wp-json\/wp\/v2\/product"}],"about":[{"href":"https:\/\/partssupply.no\/index.php\/wp-json\/wp\/v2\/types\/product"}],"wp:featuredmedia":[{"embeddable":true,"href":"https:\/\/partssupply.no\/index.php\/wp-json\/wp\/v2\/media\/7613"}],"wp:attachment":[{"href":"https:\/\/partssupply.no\/index.php\/wp-json\/wp\/v2\/media?parent=7614"}],"wp:term":[{"taxonomy":"product_brand","embeddable":true,"href":"https:\/\/partssupply.no\/index.php\/wp-json\/wp\/v2\/product_brand?post=7614"},{"taxonomy":"product_cat","embeddable":true,"href":"https:\/\/partssupply.no\/index.php\/wp-json\/wp\/v2\/product_cat?post=7614"},{"taxonomy":"product_tag","embeddable":true,"href":"https:\/\/partssupply.no\/index.php\/wp-json\/wp\/v2\/product_tag?post=7614"}],"curies":[{"name":"wp","href":"https:\/\/api.w.org\/{rel}","templated":true}]}}